{"id":62,"date":"2018-03-29T15:14:05","date_gmt":"2018-03-29T15:14:05","guid":{"rendered":"http:\/\/kanzlei-hirschmann.de\/?page_id=62"},"modified":"2018-03-30T17:05:18","modified_gmt":"2018-03-30T17:05:18","slug":"impressum","status":"publish","type":"page","link":"http:\/\/kanzlei-hirschmann.de\/?page_id=62","title":{"rendered":"Impressum"},"content":{"rendered":"<p><strong>Impressum<\/strong><br \/>\nRechtsanw\u00e4ltin Nina Hirschmann<br \/>\nSteingassg\u00e4rten 17<br \/>\n61352 Bad Homburg<\/p>\n<p>Telefon: 06172-492542<br \/>\nTelefax: 06172-6845114<\/p>\n<p>Mail: info@ra-hirschmann.com<br \/>\nInternet: www.kanzlei-hirschmann.de<\/p>\n<p><strong>Zust\u00e4ndige Rechtsanwaltskammer:<\/strong><br \/>\nRechtsanwaltskammer Frankfurt am Main<br \/>\nBockenheimer Anlage 36<br \/>\n60322 Frankfurt am Main<br \/>\nTelefon: 069-170098-01<br \/>\nTelefax: 069-170098-50<br \/>\nE-Mail: info@rak-ffm.de<\/p>\n<p><strong>Berufshaftpflichtversicherung:<\/strong><br \/>\nAllianz Versicherungs-Aktiengesellschaft, 10900 Berlin<\/p>\n<p>Der r\u00e4umliche Geltungsbereich des Versicherungsschutzes umfasst T\u00e4tigkeiten in den Mitgliedsl\u00e4ndern der EU.<\/p>\n<p><strong>Berufsrechtliche Regelungen:<\/strong><br \/>\nDie anwaltliche Berufsaus\u00fcbung unterliegt folgenden berufsrechtlichen Regelungen:<\/p>\n<p>Bundesrechtsanwaltsordnung (BRAO)<br \/>\nBerufsordnung f\u00fcr Rechtsanw\u00e4lte (BORA))<br \/>\nFachanwaltsordnung (FAO)<br \/>\nBerufsregeln der Rechtsanw\u00e4lte der Europ\u00e4ischen Union (CCEB-Berufsregeln)<br \/>\nGesetz \u00fcber die Verg\u00fctung der Rechtsanw\u00e4ltinnen und Rechtsanw\u00e4lte (RVG)<br \/>\nBerufsrechtliche Erg\u00e4nzungen zum Geldw\u00e4schegesetz (GwG)<\/p>\n<p>Die jeweils aktuellen Fassungen dieser Vorschriften finden Sie auf der Homepage der Bundesrechtsanwaltskammer www.brak.de.<\/p>\n<p><strong>Haftungsausschluss<\/strong><br \/>\nDie Inhalte dieser Website sind nach bestem Wissen und Kenntnisstand erstellt worden. Sie dienen ausschlie\u00dflich der generellen Information und stellen keine Beratung \u2013 weder juristischer noch sonstiger Art \u2013 dar und sollen auch nicht f\u00fcr eine solche verwendet werden. Es wird keine Gew\u00e4hr f\u00fcr die Aktualit\u00e4t und Vollst\u00e4ndigkeit der eingestellten Informationen \u00fcbernommen. Es wird keine Haftung f\u00fcr Sch\u00e4den, die durch die Verwendung der Inhalte dieser Website entstehen k\u00f6nnten, \u00fcbernommen. \u00c4nderungen der Inhalte dieser Website sind ohne vorherige Ank\u00fcndigung m\u00f6glich.<\/p>\n","protected":false},"excerpt":{"rendered":"<p>Impressum Rechtsanw\u00e4ltin Nina Hirschmann Steingassg\u00e4rten 17 61352 Bad Homburg Telefon: 06172-492542 Telefax: 06172-6845114 Mail: info@ra-hirschmann.com Internet: www.kanzlei-hirschmann.de Zust\u00e4ndige Rechtsanwaltskammer: Rechtsanwaltskammer Frankfurt am Main Bockenheimer Anlage&#8230;<\/p>\n<div class=\"more-link-wrapper\"><a class=\"more-link\" href=\"http:\/\/kanzlei-hirschmann.de\/?page_id=62\">mehr<span class=\"screen-reader-text\">Impressum<\/span><\/a><\/div>\n","protected":false},"author":1,"featured_media":0,"parent":0,"menu_order":0,"comment_status":"closed","ping_status":"closed","template":"","meta":[],"_links":{"self":[{"href":"http:\/\/kanzlei-hirschmann.de\/index.php?rest_route=\/wp\/v2\/pages\/62"}],"collection":[{"href":"http:\/\/kanzlei-hirschmann.de\/index.php?rest_route=\/wp\/v2\/pages"}],"about":[{"href":"http:\/\/kanzlei-hirschmann.de\/index.php?rest_route=\/wp\/v2\/types\/page"}],"author":[{"embeddable":true,"href":"http:\/\/kanzlei-hirschmann.de\/index.php?rest_route=\/wp\/v2\/users\/1"}],"replies":[{"embeddable":true,"href":"http:\/\/kanzlei-hirschmann.de\/index.php?rest_route=%2Fwp%2Fv2%2Fcomments&post=62"}],"version-history":[{"count":1,"href":"http:\/\/kanzlei-hirschmann.de\/index.php?rest_route=\/wp\/v2\/pages\/62\/revisions"}],"predecessor-version":[{"id":63,"href":"http:\/\/kanzlei-hirschmann.de\/index.php?rest_route=\/wp\/v2\/pages\/62\/revisions\/63"}],"wp:attachment":[{"href":"http:\/\/kanzlei-hirschmann.de\/index.php?rest_route=%2Fwp%2Fv2%2Fmedia&parent=62"}],"curies":[{"name":"wp","href":"https:\/\/api.w.org\/{rel}","templated":true}]}}