{"id":58,"date":"2018-03-29T15:09:21","date_gmt":"2018-03-29T15:09:21","guid":{"rendered":"http:\/\/kanzlei-hirschmann.de\/?page_id=58"},"modified":"2018-05-25T10:24:15","modified_gmt":"2018-05-25T10:24:15","slug":"datenschutz","status":"publish","type":"page","link":"http:\/\/kanzlei-hirschmann.de\/?page_id=58","title":{"rendered":"Datenschutz"},"content":{"rendered":"<p><strong>Name und Kontaktdaten des f\u00fcr die Verarbeitung Verantwortlichen:<\/strong><br \/>\nDiese Datenschutz-Information gilt f\u00fcr die Datenverarbeitung durch:<br \/>\nRechtsanw\u00e4ltin Nina Hirschmann<br \/>\nSteingassg\u00e4rten 17<br \/>\n61352 Bad Homburg<br \/>\nTelefon: 06172-492542<br \/>\nTelefax: 06172-6845114<br \/>\nMail: info@ra-hirschmann.com<\/p>\n<p><strong>Erhebung und Speicherung personenbezogener Daten sowie Art und Zweck von deren Verwendung:<\/strong><br \/>\n<strong>beim Besuch der Website:<\/strong><br \/>\nBeim Aufrufen der Website www.kanzlei-hirschmann.de werden durch den auf Ihrem Endger\u00e4t zum Einsatz kommenden Browser automatisch Informationen an den Server dieser Website gesendet. Diese Informationen werden tempor\u00e4r in einem sog. Logfile gespeichert. Folgende Informationen werden dabei ohne Ihr Zutun erfasst und bis zur automatischen L\u00f6schung gespeichert:<br \/>\n\u2022 IP-Adresse des anfragenden Rechners,<br \/>\n\u2022 Datum und Uhrzeit des Zugriffs,<br \/>\n\u2022 Name und URL der abgerufenen Datei,<br \/>\n\u2022 Website, von der aus der Zugriff erfolgt (Referrer-URL),<br \/>\n\u2022 Verwendeter Browser und ggfs. das Betriebssystem Ihres Rechners sowie der Name Ihres Access-Providers.<\/p>\n<p>Die genannten Daten werden zu folgenden Zwecken verarbeitet:<br \/>\n\u2022 Gew\u00e4hrleistung eines reibungslosen Verbindungsaufbaus der Website,<br \/>\n\u2022 Gew\u00e4hrleistung einer komfortablen Nutzung der Website,<br \/>\n\u2022 Auswertung der Systemsicherheit und-stabilit\u00e4t,<br \/>\n\u2022 Zu weiteren administrativen Zwecken.<\/p>\n<p>Die Rechtsgrundlage f\u00fcr die Datenverarbeitung ist Art. 6 Abs. 1 Satz 1 Buchst. f der DSGVO. Das berechtigte Interesse folgt aus den oben aufgelisteten Zwecken zur Datenerhebung. In keinem Fall werden die verwendeten Daten verwendet, um R\u00fcckschl\u00fcsse auf Ihre Person zu ziehen.<\/p>\n<p>Dar\u00fcber hinaus werden beim Besuch der Website Cookies eingesetzt. N\u00e4here Erl\u00e4uterungen dazu finden Sie weiter unten unter \u201eCookies\u201c.<\/p>\n<p><strong>bei Nutzung des Kontaktformulars:<\/strong><br \/>\nBei Fragen jeglicher Art biete ich Ihnen die M\u00f6glichkeit, mit mir \u00fcber ein auf der Website bereitgestelltes Formular Kontakt aufzunehmen. Dabei ist die Angabe einer g\u00fcltigen E-Mail-Adresse erforderlich, damit ich wei\u00df, von wem die Anfrage stammt und um diese beantworten zu k\u00f6nnen. Weitere Angaben k\u00f6nnen freiwillig get\u00e4tigt werden.<\/p>\n<p>Die Datenverarbeitung zum Zweck der Kontaktaufnahme erfolgt nach Art. 6 Abs. 1 Satz 1 Buchst. a DSGVO auf Grundlage Ihrer freiwillig erteilten Einwilligung.<br \/>\nDie f\u00fcr die Benutzung des Kontaktformulars erhobenen Daten werden nach Erledigung der von Ihnen gestellten Anfrage automatisch gel\u00f6scht.<\/p>\n<p><strong>Weitergabe von Daten:<\/strong><br \/>\nEine \u00dcbermittlung Ihrer pers\u00f6nlichen Daten an Dritte zu anderen als den im Folgenden aufgef\u00fchrten Zwecken findet nicht statt.<br \/>\nEine Weitergabe Ihrer pers\u00f6nlichen Daten an Dritte erfolgt, wenn:<br \/>\n\u2022 Sie Ihre nach Art. 6 Abs. 1 Satz 1 Buchst. a DSGVO ausdr\u00fcckliche Einwilligung dazu erteilt haben;<br \/>\n\u2022 Die Weitergabe nach Art. 6 Abs. 1 Satz 1 Buchst. f DSGVO zur Geltendmachung, Aus\u00fcbung oder Verteidigung von Rechtsanspr\u00fcchen erforderlich ist und kein Grund zur Annahme besteht, dass Sie ein \u00fcberwiegendes schutzw\u00fcrdiges Interesse an der Nichtweitergabe Ihrer Daten haben;<br \/>\n\u2022 F\u00fcr den Fall, dass f\u00fcr die Weitergabe nach Art. 6 Abs. 1 Satz 1 Buchst. c DSGVO eine gesetzliche Verpflichtung besteht, sowie<br \/>\n\u2022 Dies gesetzlich zul\u00e4ssig und nach Art. 6 Abs. 1 Satz 1 Buchst. b DSGVO f\u00fcr die Abwicklung von Vertragsverh\u00e4ltnissen mit Ihnen erforderlich ist.<\/p>\n<p><strong>Cookies:<\/strong><br \/>\nUnsere Website setzt Cookies ein, das sind kleine Dateien, die Ihr Browser automatisch erstellt und die auf Ihrem Endger\u00e4t gespeichert werden, wenn Sie diese Website besuchen. Cookies richten auf Ihrem Endger\u00e4t keinen Schaden an, enthalten keine Viren, Trojaner oder sonstige Schadstoffsoftware.<br \/>\nIn dem Cookie werden Informationen abgelegt, die sich jeweils im Zusammenhang mit dem spezifisch eingesetzten Endger\u00e4t ergeben. Dies bedeutet jedoch nicht, dass dadurch Ihre Identit\u00e4t offengelegt wird. Der Einsatz von Cookies dient einerseits dazu, die Nutzung der Website f\u00fcr Sie angenehmer zu gestalten. So werden sogenannte Session-Cookies eingesetzt, um zu erkennen, dass Sie einzelne Seiten der Website bereits besucht haben. Diese werden nach Verlassen dieser Website automatisch gel\u00f6scht. Dar\u00fcber hinaus werden zur Optimierung der Benutzerfreundlichkeit tempor\u00e4re Cookies eingesetzt, die f\u00fcr einen bestimmten Zeitraum auf Ihrem Endger\u00e4t gespeichert werden. Besuchen Sie diese Website erneut, wird automatisch erkannt, dass Sie bereits auf dieser Website waren und welche Eingaben und Einstellungen Sie get\u00e4tigt haben, um diese nicht noch einmal eingeben zu m\u00fcssen.<br \/>\nDie durch Cookies verarbeiteten Daten sind f\u00fcr die oben genannten Zwecke zur Wahrung der berechtigten Interessen sowie der Dritter nach Art. 6 Abs. 1 Buchst. f DSGVO erforderlich.<br \/>\nDie meisten Browser akzeptieren Cookies automatisch. Sie k\u00f6nnen Ihren Browser jedoch so konfigurieren, dass keine Cookies auf Ihrem Computer gespeichert werden oder stets ein Hinweis erscheint, bevor ein neuer Cookie angelegt wird. Die vollst\u00e4ndige Deaktivierung von Cookies kann jedoch dazu f\u00fchren, dass Sie nicht alle Funktionen der Website nutzen k\u00f6nnen.<\/p>\n<p><strong>Betroffenenrechte:<\/strong><br \/>\nSie haben das Recht:<br \/>\n\u2022 Gem\u00e4\u00df Art. 15 DSGVO Auskunft \u00fcber Ihre verarbeiteten personenbezogenen Daten zu verlangen. Insbesondere k\u00f6nnen Sie Auskunft \u00fcber die Verarbeitungszwecke, die Kategorie der personenbezogenen Daten, die Kategorien von Empf\u00e4ngern, gegen\u00fcber denen Ihre Daten offengelegt wurden oder werden, die geplante Speicherdauer, das Bestehen eines Rechts auf Berichtigung, L\u00f6schung, Einschr\u00e4nkung der Verarbeitung oder Widerspruch, das Bestehen eines Beschwerderechts, die Herkunft Ihrer Daten, sofern diese nicht bei mir erhoben wurden, sowie \u00fcber das Bestehen einer automatisierten Entscheidungsfindung einschlie\u00dflich Profiling und ggfs. aussagekr\u00e4ftigen Informationen zu deren Einzelheiten verlangen;<br \/>\n\u2022 Gem\u00e4\u00df Art. 16 DSGVO unverz\u00fcglich die Berichtigung unrichtiger oder Vervollst\u00e4ndigung Ihrer gespeicherten personenbezogenen Daten zu verlangen;<br \/>\n\u2022 Gem\u00e4\u00df Art. 17 DSGVO die L\u00f6schung Ihrer gespeicherten personenbezogenen Daten zu verlangen, soweit nicht die Verarbeitung zur Aus\u00fcbung des Rechts auf freie Meinungs\u00e4u\u00dferung und Information, zur Erf\u00fcllung einer rechtlichen Verpflichtung, aus Gr\u00fcnden des \u00f6ffentlichen Interesses oder zur Geltendmachung, Aus\u00fcbung oder Verteidigung von Rechtsanspr\u00fcchen erforderlich ist;<br \/>\n\u2022 Gem\u00e4\u00df Art. 18 DSGVO die Einschr\u00e4nkung der Verarbeitung Ihrer personenbezogenen Daten zu verlangen, soweit die Richtigkeit der Daten von Ihnen bestritten wird, die Verarbeitung unrechtm\u00e4\u00dfig ist, Sie aber deren L\u00f6schung ablehnen und wir die Daten nicht mehr ben\u00f6tigen, Sie jedoch diese zur Geltendmachung, Aus\u00fcbung oder Verteidigung von Rechtsanspr\u00fcchen ben\u00f6tigen oder Sie gem\u00e4\u00df Art. 21 DSGVO Widerspruch gegen die Verarbeitung eingelegt haben;<br \/>\n\u2022 Gem\u00e4\u00df Art. 20 DSGVO Ihre personenbezogenen Daten, die Sie zur Verf\u00fcgung gestellt haben, in einem strukturierten, g\u00e4ngigen und maschinenlesbaren Format zu erhalten oder die \u00dcbermittlung an einen anderen Verantwortlichen zu verlangen;<br \/>\n\u2022 Gem\u00e4\u00df Art. 7 Abs. 3 DSGVO Ihre einmal erteilte Einwilligung jederzeit gegen\u00fcber uns zu widerrufen. Dies hat zur Folge, dass die Datenverarbeitung, die auf dieser Einwilligung beruhte, f\u00fcr die Zukunft nicht mehr fortgef\u00fchrt werden darf und<br \/>\n\u2022 Gem\u00e4\u00df Art. 77 DSGVO sich bei einer Aufsichtsbeh\u00f6rde zu beschweren. In der Regel k\u00f6nnen Sie sich hierf\u00fcr an die Aufsichtsbeh\u00f6rde Ihres \u00fcblichen Aufenthaltsortes oder Arbeitsplatzes oder meines Kanzleisitzes wenden.<\/p>\n<p><strong>Widerspruchsrecht:<\/strong><br \/>\nSofern Ihre personenbezogenen Daten auf Grundlage von berechtigten Interessen gem\u00e4\u00df Art. 6 Abs. 1 Satz 1 Buchst. f DSGVO verarbeitet werden, haben Sie das Recht, gem\u00e4\u00df Art. 21 DSGVO Widerspruch gegen die Verarbeitung Ihrer personenbezogenen Daten einzulegen, soweit daf\u00fcr Gr\u00fcnde vorliegen, die sich aus Ihrer besonderen Situation ergeben oder sich der Widerspruch gegen Direktwerbung richtet. Im letzteren Fall haben Sie ein generelles Widerspruchsrecht, das ohne Angabe einer besonderen Situation umgesetzt wird. M\u00f6chten Sie von Ihrem Widerspruchsrecht Gebrauch machen, gen\u00fcgt eine E-Mail an info@ra-hirschmann.com.<\/p>\n<p><strong>Datensicherheit:<\/strong><br \/>\nInnerhalb des Website-Besuchs wird das verbreitete SSL-Verfahren (Secure Socket Layer) in Verbindung mit der jeweils h\u00f6chsten Verschl\u00fcsselungsstufe, die von Ihrem Browser unterst\u00fctzt wird, verwendet. In der Regel handelt es sich dabei um eine 256 Bit Verschl\u00fcsselung. Falls Ihr Browser keine 256 Bit Verschl\u00fcsselung unterst\u00fctzt, wird stattdessen auf eine 128 Bit v3 Technologie verwendet. Ob eine einzelne Seite des Internetauftrittes verschl\u00fcsselt \u00fcbertragen wird, erkennen Sie an der geschlossenen Darstellung des Schl\u00fcssel- bzw. Schlosssymbols in der unteren Statusleiste Ihres Browsers.<br \/>\nWir bedienen uns im \u00dcbrigen geeigneter technischer und organisatorischer Sicherheitsma\u00dfnahmen, um Ihre Daten gegen zuf\u00e4llige oder vors\u00e4tzliche Manipulationen, teilweisen oder vollst\u00e4ndigen Verlust, Zerst\u00f6rung oder gegen den unbefugten Zugriff Dritter zu sch\u00fctzen. Unsere Sicherheitsma\u00dfnahmen werden entsprechend der technologischen Entwicklung fortlaufend verbessert.<\/p>\n<p><strong>Aktualit\u00e4t und \u00c4nderung dieser Datenschutzerkl\u00e4rung:<\/strong><br \/>\nDiese Datenschutzerkl\u00e4rung ist aktuell g\u00fcltig und hat den Stand Mai 2018 und setzt die Vorgaben der DSGVO um.<\/p>\n<p>Durch Weiterentwicklung der Website und Angebote dar\u00fcber oder aufgrund ge\u00e4nderter gesetzlicher bzw. beh\u00f6rdlicher Vorgaben kann es notwendig werden, diese Datenschutzerkl\u00e4rung zu \u00e4ndern. Die jeweils aktuelle Datenschutzerkl\u00e4rung kann jederzeit auf der Website unter https:\/\/www.kanzlei-hirschmann.de\/datenschutz von Ihnen abgerufen und ausgedruckt werden.<\/p>\n","protected":false},"excerpt":{"rendered":"<p>Name und Kontaktdaten des f\u00fcr die Verarbeitung Verantwortlichen: Diese Datenschutz-Information gilt f\u00fcr die Datenverarbeitung durch: Rechtsanw\u00e4ltin Nina Hirschmann Steingassg\u00e4rten 17 61352 Bad Homburg Telefon: 06172-492542&#8230;<\/p>\n<div class=\"more-link-wrapper\"><a class=\"more-link\" href=\"http:\/\/kanzlei-hirschmann.de\/?page_id=58\">mehr<span class=\"screen-reader-text\">Datenschutz<\/span><\/a><\/div>\n","protected":false},"author":1,"featured_media":0,"parent":0,"menu_order":0,"comment_status":"closed","ping_status":"closed","template":"","meta":[],"_links":{"self":[{"href":"http:\/\/kanzlei-hirschmann.de\/index.php?rest_route=\/wp\/v2\/pages\/58"}],"collection":[{"href":"http:\/\/kanzlei-hirschmann.de\/index.php?rest_route=\/wp\/v2\/pages"}],"about":[{"href":"http:\/\/kanzlei-hirschmann.de\/index.php?rest_route=\/wp\/v2\/types\/page"}],"author":[{"embeddable":true,"href":"http:\/\/kanzlei-hirschmann.de\/index.php?rest_route=\/wp\/v2\/users\/1"}],"replies":[{"embeddable":true,"href":"http:\/\/kanzlei-hirschmann.de\/index.php?rest_route=%2Fwp%2Fv2%2Fcomments&post=58"}],"version-history":[{"count":4,"href":"http:\/\/kanzlei-hirschmann.de\/index.php?rest_route=\/wp\/v2\/pages\/58\/revisions"}],"predecessor-version":[{"id":177,"href":"http:\/\/kanzlei-hirschmann.de\/index.php?rest_route=\/wp\/v2\/pages\/58\/revisions\/177"}],"wp:attachment":[{"href":"http:\/\/kanzlei-hirschmann.de\/index.php?rest_route=%2Fwp%2Fv2%2Fmedia&parent=58"}],"curies":[{"name":"wp","href":"https:\/\/api.w.org\/{rel}","templated":true}]}}