{"id":34,"date":"2018-03-29T00:00:00","date_gmt":"2018-03-29T00:00:00","guid":{"rendered":"http:\/\/kanzlei-hirschmann.de\/?page_id=34"},"modified":"2018-04-18T08:50:11","modified_gmt":"2018-04-18T08:50:11","slug":"ueber-mich","status":"publish","type":"page","link":"http:\/\/kanzlei-hirschmann.de\/?page_id=34","title":{"rendered":"\u00dcber mich"},"content":{"rendered":"<p><img loading=\"lazy\" class=\"alignnone size-medium wp-image-64\" src=\"http:\/\/kanzlei-hirschmann.de\/wp-content\/uploads\/2018\/03\/Bewerbungsfoto-200x300.jpg\" alt=\"\" width=\"200\" height=\"300\" srcset=\"http:\/\/kanzlei-hirschmann.de\/wp-content\/uploads\/2018\/03\/Bewerbungsfoto-200x300.jpg 200w, http:\/\/kanzlei-hirschmann.de\/wp-content\/uploads\/2018\/03\/Bewerbungsfoto-768x1152.jpg 768w, http:\/\/kanzlei-hirschmann.de\/wp-content\/uploads\/2018\/03\/Bewerbungsfoto-683x1024.jpg 683w\" sizes=\"(max-width: 200px) 100vw, 200px\" \/><\/p>\n<p><strong>Nina Hirschmann<\/strong><\/p>\n<p>Jahrgang 1973, verheiratet, zwei Kinder<\/p>\n<p><strong>Beruflicher Werdegang<\/strong><br \/>\n<strong>1993 \u2013 1997<\/strong><br \/>\nStudium der Rechtswissenschaften in Mainz<br \/>\n<strong>1998<\/strong><br \/>\n1. Juristische Staatspr\u00fcfung in Rheinland-Pfalz<br \/>\n<strong>1998 \u2013 2000<\/strong><br \/>\nReferendariat in Rheinland-Pfalz mit Schwerpunkt Wirtschaftsrecht<br \/>\n<strong>2000<\/strong><br \/>\n2. Juristische Staatspr\u00fcfung in Rheinland-Pfalz<br \/>\n<strong>2000 \u20132002<\/strong><br \/>\nReferentin im Bereich Recht und Umwelt beim Verband der Elektrizit\u00e4tswirtschaft e.V. &#8211; VDEW in Frankfurt<br \/>\nRechtliche Beratung in Fragen des Leitungs- und Energiewirtschaftsrechts, Haftungsrechts<br \/>\n<strong>2003 \u2013 2007<\/strong><br \/>\nRechtsabteilung der HEAG S\u00fcdhessische Energie AG (HSE) in Darmstadt<br \/>\nT\u00e4tigkeit im Energie \u2013 und Gesellschaftsrecht, Betreuung von Projekten zu Gr\u00fcndung und Erwerb neuer Gesellschaften<br \/>\n<strong>Seit 2008<\/strong><br \/>\nSelbst\u00e4ndige T\u00e4tigkeit als Rechtsanw\u00e4ltin<br \/>\n<strong>Oktober 2017 \u2013 M\u00e4rz 2018<\/strong><br \/>\nFachanwaltslehrgang Miet- und Wohnungseigentumsrecht<\/p>\n<p><strong>Schwerpunkte der T\u00e4tigkeit:<br \/>\n<\/strong>Allgemeines Vertragsrecht<br \/>\nMiet- und Pachtvertragsrecht<br \/>\nWohnungseigentumsrecht<br \/>\nMaklerrecht<br \/>\nNachbarrecht<br \/>\nEnergie- und Leitungsrecht<br \/>\nGesellschaftsrecht<br \/>\nBeratung von Start Ups<\/p>\n","protected":false},"excerpt":{"rendered":"<p>Nina Hirschmann Jahrgang 1973, verheiratet, zwei Kinder Beruflicher Werdegang 1993 \u2013 1997 Studium der Rechtswissenschaften in Mainz 1998 1. Juristische Staatspr\u00fcfung in Rheinland-Pfalz 1998 \u2013&#8230;<\/p>\n<div class=\"more-link-wrapper\"><a class=\"more-link\" href=\"http:\/\/kanzlei-hirschmann.de\/?page_id=34\">mehr<span class=\"screen-reader-text\">\u00dcber mich<\/span><\/a><\/div>\n","protected":false},"author":1,"featured_media":0,"parent":0,"menu_order":2,"comment_status":"closed","ping_status":"closed","template":"","meta":[],"_links":{"self":[{"href":"http:\/\/kanzlei-hirschmann.de\/index.php?rest_route=\/wp\/v2\/pages\/34"}],"collection":[{"href":"http:\/\/kanzlei-hirschmann.de\/index.php?rest_route=\/wp\/v2\/pages"}],"about":[{"href":"http:\/\/kanzlei-hirschmann.de\/index.php?rest_route=\/wp\/v2\/types\/page"}],"author":[{"embeddable":true,"href":"http:\/\/kanzlei-hirschmann.de\/index.php?rest_route=\/wp\/v2\/users\/1"}],"replies":[{"embeddable":true,"href":"http:\/\/kanzlei-hirschmann.de\/index.php?rest_route=%2Fwp%2Fv2%2Fcomments&post=34"}],"version-history":[{"count":6,"href":"http:\/\/kanzlei-hirschmann.de\/index.php?rest_route=\/wp\/v2\/pages\/34\/revisions"}],"predecessor-version":[{"id":173,"href":"http:\/\/kanzlei-hirschmann.de\/index.php?rest_route=\/wp\/v2\/pages\/34\/revisions\/173"}],"wp:attachment":[{"href":"http:\/\/kanzlei-hirschmann.de\/index.php?rest_route=%2Fwp%2Fv2%2Fmedia&parent=34"}],"curies":[{"name":"wp","href":"https:\/\/api.w.org\/{rel}","templated":true}]}}