{"id":31,"date":"2018-03-29T00:00:19","date_gmt":"2018-03-29T00:00:19","guid":{"rendered":"http:\/\/kanzlei-hirschmann.de\/?page_id=31"},"modified":"2018-04-05T08:53:28","modified_gmt":"2018-04-05T08:53:28","slug":"die-kanzlei","status":"publish","type":"page","link":"http:\/\/kanzlei-hirschmann.de\/","title":{"rendered":"Kanzlei Nina Hirschmann"},"content":{"rendered":"<p>Herzlich Willkommen auf der Internetseite meiner Rechtsanwaltskanzlei.<\/p>\n<p>Sie haben ein rechtliches Problem und ben\u00f6tigen eine pers\u00f6nliche und kompetente rechtliche Beratung?<br \/>\nGerne stehe ich Ihnen mit Rat und Tat zur Seite.<\/p>\n<p>Besonderer Schwerpunkt meiner T\u00e4tigkeit liegt im Miet- und Wohnungseigentumsrecht. Daneben bin ich auch im Gesellschaftsrecht, allgemeinen Vertragsrecht und sonstigen Zivilrecht t\u00e4tig.<\/p>\n<p>Gerne unterst\u00fctze ich Sie auch bei der Geltendmachung von Forderungen.<\/p>\n<p>Dabei lege ich gro\u00dfen Wert auf die au\u00dfergerichtliche Beratung und Streitschlichtung, um auf dem au\u00dfergerichtlichen Verhandlungsweg eine m\u00f6glichst schnelle und interessengerechte L\u00f6sung f\u00fcr Sie herbeizuf\u00fchren. Sollte dies nicht m\u00f6glich sein, unterst\u00fctze ich Sie bei der gerichtlichen Durchsetzung Ihrer Anspr\u00fcche.<\/p>\n<p>Vereinbaren Sie einen Termin f\u00fcr eine pers\u00f6nliche und kompetente rechtliche Beratung.<\/p>\n","protected":false},"excerpt":{"rendered":"<p>Herzlich Willkommen auf der Internetseite meiner Rechtsanwaltskanzlei. Sie haben ein rechtliches Problem und ben\u00f6tigen eine pers\u00f6nliche und kompetente rechtliche Beratung? Gerne stehe ich Ihnen mit&#8230;<\/p>\n<div class=\"more-link-wrapper\"><a class=\"more-link\" href=\"http:\/\/kanzlei-hirschmann.de\/\">mehr<span class=\"screen-reader-text\">Kanzlei Nina Hirschmann<\/span><\/a><\/div>\n","protected":false},"author":1,"featured_media":0,"parent":0,"menu_order":0,"comment_status":"closed","ping_status":"closed","template":"","meta":[],"_links":{"self":[{"href":"http:\/\/kanzlei-hirschmann.de\/index.php?rest_route=\/wp\/v2\/pages\/31"}],"collection":[{"href":"http:\/\/kanzlei-hirschmann.de\/index.php?rest_route=\/wp\/v2\/pages"}],"about":[{"href":"http:\/\/kanzlei-hirschmann.de\/index.php?rest_route=\/wp\/v2\/types\/page"}],"author":[{"embeddable":true,"href":"http:\/\/kanzlei-hirschmann.de\/index.php?rest_route=\/wp\/v2\/users\/1"}],"replies":[{"embeddable":true,"href":"http:\/\/kanzlei-hirschmann.de\/index.php?rest_route=%2Fwp%2Fv2%2Fcomments&post=31"}],"version-history":[{"count":7,"href":"http:\/\/kanzlei-hirschmann.de\/index.php?rest_route=\/wp\/v2\/pages\/31\/revisions"}],"predecessor-version":[{"id":169,"href":"http:\/\/kanzlei-hirschmann.de\/index.php?rest_route=\/wp\/v2\/pages\/31\/revisions\/169"}],"wp:attachment":[{"href":"http:\/\/kanzlei-hirschmann.de\/index.php?rest_route=%2Fwp%2Fv2%2Fmedia&parent=31"}],"curies":[{"name":"wp","href":"https:\/\/api.w.org\/{rel}","templated":true}]}}